{"id":26,"date":"2020-07-07T14:45:08","date_gmt":"2020-07-07T14:45:08","guid":{"rendered":"https:\/\/cwechinox.com\/industrial\/?page_id=26"},"modified":"2024-08-01T12:33:44","modified_gmt":"2024-08-01T12:33:44","slug":"contact-ro","status":"publish","type":"page","link":"https:\/\/cwechinox.com\/industrial\/ro\/contact-ro\/","title":{"rendered":"Contact"},"content":{"rendered":"\n<div class=\"wp-block-group is-vertical is-layout-flex wp-container-core-group-is-layout-2 wp-block-group-is-layout-flex\">\n<div class=\"wp-block-group is-vertical is-layout-flex wp-container-core-group-is-layout-1 wp-block-group-is-layout-flex\">\n<p><strong>Tiriac Tower, Buzesti 82-94, Etaj 6, Sector 1, Bucuresti<\/strong><\/p>\n\n\n\n<p><strong>Telefon:&nbsp;&nbsp;&nbsp;&nbsp;&nbsp;&nbsp;&nbsp;+40 (21) 310 3100<\/strong><\/p>\n\n\n\n<p><strong>Email:<\/strong> <strong>office@cwechinox.com<\/strong><\/p>\n<\/div>\n<\/div>\n\n\n\n<p><\/p>\n\n\n\n<p><strong>Contacteaza-ne!<\/strong><\/p>\n","protected":false},"excerpt":{"rendered":"<p>Tiriac Tower, Buzesti 82-94, Etaj 6, Sector 1, Bucuresti Telefon:&nbsp;&nbsp;&nbsp;&nbsp;&nbsp;&nbsp;&nbsp;+40 (21) 310 3100 Email: office@cwechinox.com Contacteaza-ne!<\/p>\n","protected":false},"author":1,"featured_media":0,"parent":0,"menu_order":0,"comment_status":"closed","ping_status":"closed","template":"","meta":{"_acf_changed":false,"footnotes":""},"page_type":[],"class_list":["post-26","page","type-page","status-publish","hentry","entry"],"acf":[],"yoast_head":"<!-- This site is optimized with the Yoast SEO plugin v23.9 - https:\/\/yoast.com\/wordpress\/plugins\/seo\/ -->\n<title>Contacteaz\u0103 un consultant | CW Echinox Industrial<\/title>\n<meta name=\"description\" content=\"Consultan\u021b\u0103 imobiliar\u0103 de top pentru costuri minime \u0219i eficien\u021b\u0103 maxim\u0103. Peste 15 ani experien\u021b\u0103 \u00een v\u00e2nzarea \u0219i \u00eenchirierea de spa\u021bii logistice \u0219i industriale.\" \/>\n<meta name=\"robots\" content=\"index, follow, max-snippet:-1, max-image-preview:large, max-video-preview:-1\" \/>\n<link rel=\"canonical\" href=\"https:\/\/cwechinox.com\/industrial\/ro\/contact-ro\/\" \/>\n<meta property=\"og:locale\" content=\"en_US\" \/>\n<meta property=\"og:type\" content=\"article\" \/>\n<meta property=\"og:title\" content=\"Contacteaz\u0103 un consultant | CW Echinox Industrial\" \/>\n<meta property=\"og:description\" content=\"Consultan\u021b\u0103 imobiliar\u0103 de top pentru costuri minime \u0219i eficien\u021b\u0103 maxim\u0103. Peste 15 ani experien\u021b\u0103 \u00een v\u00e2nzarea \u0219i \u00eenchirierea de spa\u021bii logistice \u0219i industriale.\" \/>\n<meta property=\"og:url\" content=\"https:\/\/cwechinox.com\/industrial\/ro\/contact-ro\/\" \/>\n<meta property=\"og:site_name\" content=\"CWE Industrial\" \/>\n<meta property=\"article:publisher\" content=\"https:\/\/www.facebook.com\/cwechinox\" \/>\n<meta property=\"article:modified_time\" content=\"2024-08-01T12:33:44+00:00\" \/>\n<meta name=\"twitter:card\" content=\"summary_large_image\" \/>\n<meta name=\"twitter:label1\" content=\"Est. reading time\" \/>\n\t<meta name=\"twitter:data1\" content=\"1 minute\" \/>\n<script type=\"application\/ld+json\" class=\"yoast-schema-graph\">{\"@context\":\"https:\/\/schema.org\",\"@graph\":[{\"@type\":\"WebSite\",\"@id\":\"https:\/\/cwechinox.com\/industrial\/#website\",\"url\":\"https:\/\/cwechinox.com\/industrial\/\",\"name\":\"CWE Industrial\",\"description\":\"\",\"potentialAction\":[{\"@type\":\"SearchAction\",\"target\":{\"@type\":\"EntryPoint\",\"urlTemplate\":\"https:\/\/cwechinox.com\/industrial\/?s={search_term_string}\"},\"query-input\":{\"@type\":\"PropertyValueSpecification\",\"valueRequired\":true,\"valueName\":\"search_term_string\"}}],\"inLanguage\":\"en-US\"}]}<\/script>\n<!-- \/ Yoast SEO plugin. -->","yoast_head_json":{"title":"Contacteaz\u0103 un consultant | CW Echinox Industrial","description":"Consultan\u021b\u0103 imobiliar\u0103 de top pentru costuri minime \u0219i eficien\u021b\u0103 maxim\u0103. Peste 15 ani experien\u021b\u0103 \u00een v\u00e2nzarea \u0219i \u00eenchirierea de spa\u021bii logistice \u0219i industriale.","robots":{"index":"index","follow":"follow","max-snippet":"max-snippet:-1","max-image-preview":"max-image-preview:large","max-video-preview":"max-video-preview:-1"},"canonical":"https:\/\/cwechinox.com\/industrial\/ro\/contact-ro\/","og_locale":"en_US","og_type":"article","og_title":"Contacteaz\u0103 un consultant | CW Echinox Industrial","og_description":"Consultan\u021b\u0103 imobiliar\u0103 de top pentru costuri minime \u0219i eficien\u021b\u0103 maxim\u0103. Peste 15 ani experien\u021b\u0103 \u00een v\u00e2nzarea \u0219i \u00eenchirierea de spa\u021bii logistice \u0219i industriale.","og_url":"https:\/\/cwechinox.com\/industrial\/ro\/contact-ro\/","og_site_name":"CWE Industrial","article_publisher":"https:\/\/www.facebook.com\/cwechinox","article_modified_time":"2024-08-01T12:33:44+00:00","twitter_card":"summary_large_image","twitter_misc":{"Est. reading time":"1 minute"},"schema":{"@context":"https:\/\/schema.org","@graph":[{"@type":"WebSite","@id":"https:\/\/cwechinox.com\/industrial\/#website","url":"https:\/\/cwechinox.com\/industrial\/","name":"CWE Industrial","description":"","potentialAction":[{"@type":"SearchAction","target":{"@type":"EntryPoint","urlTemplate":"https:\/\/cwechinox.com\/industrial\/?s={search_term_string}"},"query-input":{"@type":"PropertyValueSpecification","valueRequired":true,"valueName":"search_term_string"}}],"inLanguage":"en-US"}]}},"lang":"ro","translations":{"ro":26,"en":6},"pll_sync_post":[],"_links":{"self":[{"href":"https:\/\/cwechinox.com\/industrial\/wp-json\/wp\/v2\/pages\/26","targetHints":{"allow":["GET"]}}],"collection":[{"href":"https:\/\/cwechinox.com\/industrial\/wp-json\/wp\/v2\/pages"}],"about":[{"href":"https:\/\/cwechinox.com\/industrial\/wp-json\/wp\/v2\/types\/page"}],"author":[{"embeddable":true,"href":"https:\/\/cwechinox.com\/industrial\/wp-json\/wp\/v2\/users\/1"}],"replies":[{"embeddable":true,"href":"https:\/\/cwechinox.com\/industrial\/wp-json\/wp\/v2\/comments?post=26"}],"version-history":[{"count":16,"href":"https:\/\/cwechinox.com\/industrial\/wp-json\/wp\/v2\/pages\/26\/revisions"}],"predecessor-version":[{"id":3780,"href":"https:\/\/cwechinox.com\/industrial\/wp-json\/wp\/v2\/pages\/26\/revisions\/3780"}],"wp:attachment":[{"href":"https:\/\/cwechinox.com\/industrial\/wp-json\/wp\/v2\/media?parent=26"}],"wp:term":[{"taxonomy":"page_type","embeddable":true,"href":"https:\/\/cwechinox.com\/industrial\/wp-json\/wp\/v2\/page_type?post=26"}],"curies":[{"name":"wp","href":"https:\/\/api.w.org\/{rel}","templated":true}]}}